{"id":98,"date":"2014-07-03T10:27:29","date_gmt":"2014-07-03T08:27:29","guid":{"rendered":"http:\/\/puvogel-recht.de\/wpcm\/?page_id=98"},"modified":"2026-02-02T17:43:12","modified_gmt":"2026-02-02T15:43:12","slug":"mitarbeiter","status":"publish","type":"page","link":"https:\/\/puvogel-recht.de\/?page_id=98","title":{"rendered":"Mitarbeiter"},"content":{"rendered":"<h1>\u00a0Mitarbeiter:innen<\/h1>\n<p><a href=\"https:\/\/puvogel-recht.de\/wp-content\/uploads\/2014\/07\/linie1.png\"><img loading=\"lazy\" decoding=\"async\" class=\"alignnone size-full wp-image-296\" src=\"https:\/\/puvogel-recht.de\/wp-content\/uploads\/2014\/07\/linie1.png\" alt=\"linie\" width=\"600\" height=\"1\" srcset=\"https:\/\/puvogel-recht.de\/wp-content\/uploads\/2014\/07\/linie1.png 600w, https:\/\/puvogel-recht.de\/wp-content\/uploads\/2014\/07\/linie1-150x1.png 150w, https:\/\/puvogel-recht.de\/wp-content\/uploads\/2014\/07\/linie1-300x1.png 300w\" sizes=\"auto, (max-width: 600px) 100vw, 600px\" \/><\/a><\/p>\n<p>Unser Team wird vervollst\u00e4ndigt durch besonders qualifizierte Rechtsanwalts- und Notarfachangestellte, ohne die ein reibungsloser Ablauf des Kanzleibetriebes nicht m\u00f6glich w\u00e4re.<\/p>\n<p>Eine Vielzahl von Arbeiten im Bereich der Notariatst\u00e4tigkeit, der Organisation, Rechnungs- und Zahlungsverkehr, Terminvergabe und vor allem Kommunikation betreffend Ihr aktuelles Anliegen liegt in den H\u00e4nden unserer freundlichen Mitarbeiter:innen. Rufen Sie bitte an oder schreiben Sie eine E-Mail. Unsere Mitarbeiter:innen helfen Ihnen gerne weiter.<\/p>\n","protected":false},"excerpt":{"rendered":"<p>\u00a0Mitarbeiter:innen Unser Team wird vervollst\u00e4ndigt durch besonders qualifizierte Rechtsanwalts- und Notarfachangestellte, ohne die ein reibungsloser Ablauf des Kanzleibetriebes nicht m\u00f6glich w\u00e4re. Eine Vielzahl von Arbeiten im Bereich der Notariatst\u00e4tigkeit, der Organisation, Rechnungs- und Zahlungsverkehr, Terminvergabe und vor allem Kommunikation betreffend Ihr aktuelles Anliegen liegt in den H\u00e4nden unserer freundlichen Mitarbeiter:innen. Rufen Sie bitte an oder&#8230;<\/p>\n","protected":false},"author":1,"featured_media":274,"parent":0,"menu_order":0,"comment_status":"closed","ping_status":"closed","template":"","meta":{"_kad_post_transparent":"","_kad_post_title":"","_kad_post_layout":"","_kad_post_sidebar_id":"","_kad_post_content_style":"","_kad_post_vertical_padding":"","_kad_post_feature":"","_kad_post_feature_position":"","_kad_post_header":false,"_kad_post_footer":false,"footnotes":""},"class_list":["post-98","page","type-page","status-publish","has-post-thumbnail","hentry"],"_links":{"self":[{"href":"https:\/\/puvogel-recht.de\/index.php?rest_route=\/wp\/v2\/pages\/98","targetHints":{"allow":["GET"]}}],"collection":[{"href":"https:\/\/puvogel-recht.de\/index.php?rest_route=\/wp\/v2\/pages"}],"about":[{"href":"https:\/\/puvogel-recht.de\/index.php?rest_route=\/wp\/v2\/types\/page"}],"author":[{"embeddable":true,"href":"https:\/\/puvogel-recht.de\/index.php?rest_route=\/wp\/v2\/users\/1"}],"replies":[{"embeddable":true,"href":"https:\/\/puvogel-recht.de\/index.php?rest_route=%2Fwp%2Fv2%2Fcomments&post=98"}],"version-history":[{"count":6,"href":"https:\/\/puvogel-recht.de\/index.php?rest_route=\/wp\/v2\/pages\/98\/revisions"}],"predecessor-version":[{"id":817,"href":"https:\/\/puvogel-recht.de\/index.php?rest_route=\/wp\/v2\/pages\/98\/revisions\/817"}],"wp:featuredmedia":[{"embeddable":true,"href":"https:\/\/puvogel-recht.de\/index.php?rest_route=\/wp\/v2\/media\/274"}],"wp:attachment":[{"href":"https:\/\/puvogel-recht.de\/index.php?rest_route=%2Fwp%2Fv2%2Fmedia&parent=98"}],"curies":[{"name":"wp","href":"https:\/\/api.w.org\/{rel}","templated":true}]}}