{"id":96,"date":"2014-07-03T10:27:04","date_gmt":"2014-07-03T08:27:04","guid":{"rendered":"http:\/\/puvogel-recht.de\/wpcm\/?page_id=96"},"modified":"2023-09-11T15:01:11","modified_gmt":"2023-09-11T13:01:11","slug":"rechtsgebiete","status":"publish","type":"page","link":"https:\/\/puvogel-recht.de\/?page_id=96","title":{"rendered":"Rechtsgebiete"},"content":{"rendered":"<h1>Rechtsgebiete<\/h1>\n<h1><img loading=\"lazy\" decoding=\"async\" class=\"alignnone wp-image-104\" src=\"https:\/\/puvogel-recht.de\/wp-content\/uploads\/2014\/07\/linie.png\" alt=\"linie\" width=\"600\" height=\"1\" srcset=\"https:\/\/puvogel-recht.de\/wp-content\/uploads\/2014\/07\/linie.png 700w, https:\/\/puvogel-recht.de\/wp-content\/uploads\/2014\/07\/linie-150x1.png 150w, https:\/\/puvogel-recht.de\/wp-content\/uploads\/2014\/07\/linie-300x1.png 300w\" sizes=\"auto, (max-width: 600px) 100vw, 600px\" \/><\/h1>\n<p>F\u00fcr jedes Problem gibt es eine L\u00f6sung und auf jede Frage gibt es eine Antwort. Wir freuen uns, Ihnen kompetent mit Rechtsrat zur Seite stehen zu k\u00f6nnen. W\u00e4hlen Sie eines der Rechtsgebiete aus dem oberen Men\u00fc, um mehr dar\u00fcber zu erfahren.<\/p>\n<p>\u00a0<\/p>\n\n","protected":false},"excerpt":{"rendered":"<p>Rechtsgebiete F\u00fcr jedes Problem gibt es eine L\u00f6sung und auf jede Frage gibt es eine Antwort. Wir freuen uns, Ihnen kompetent mit Rechtsrat zur Seite stehen zu k\u00f6nnen. W\u00e4hlen Sie eines der Rechtsgebiete aus dem oberen Men\u00fc, um mehr dar\u00fcber zu erfahren. \u00a0<\/p>\n","protected":false},"author":1,"featured_media":279,"parent":0,"menu_order":0,"comment_status":"closed","ping_status":"closed","template":"","meta":{"_kad_post_transparent":"","_kad_post_title":"","_kad_post_layout":"","_kad_post_sidebar_id":"","_kad_post_content_style":"","_kad_post_vertical_padding":"","_kad_post_feature":"","_kad_post_feature_position":"","_kad_post_header":false,"_kad_post_footer":false,"footnotes":""},"class_list":["post-96","page","type-page","status-publish","has-post-thumbnail","hentry"],"_links":{"self":[{"href":"https:\/\/puvogel-recht.de\/index.php?rest_route=\/wp\/v2\/pages\/96","targetHints":{"allow":["GET"]}}],"collection":[{"href":"https:\/\/puvogel-recht.de\/index.php?rest_route=\/wp\/v2\/pages"}],"about":[{"href":"https:\/\/puvogel-recht.de\/index.php?rest_route=\/wp\/v2\/types\/page"}],"author":[{"embeddable":true,"href":"https:\/\/puvogel-recht.de\/index.php?rest_route=\/wp\/v2\/users\/1"}],"replies":[{"embeddable":true,"href":"https:\/\/puvogel-recht.de\/index.php?rest_route=%2Fwp%2Fv2%2Fcomments&post=96"}],"version-history":[{"count":6,"href":"https:\/\/puvogel-recht.de\/index.php?rest_route=\/wp\/v2\/pages\/96\/revisions"}],"predecessor-version":[{"id":764,"href":"https:\/\/puvogel-recht.de\/index.php?rest_route=\/wp\/v2\/pages\/96\/revisions\/764"}],"wp:featuredmedia":[{"embeddable":true,"href":"https:\/\/puvogel-recht.de\/index.php?rest_route=\/wp\/v2\/media\/279"}],"wp:attachment":[{"href":"https:\/\/puvogel-recht.de\/index.php?rest_route=%2Fwp%2Fv2%2Fmedia&parent=96"}],"curies":[{"name":"wp","href":"https:\/\/api.w.org\/{rel}","templated":true}]}}