{"id":92,"date":"2014-07-03T10:25:49","date_gmt":"2014-07-03T08:25:49","guid":{"rendered":"http:\/\/puvogel-recht.de\/wpcm\/?page_id=92"},"modified":"2023-09-11T14:17:53","modified_gmt":"2023-09-11T12:17:53","slug":"notartaetigkeit","status":"publish","type":"page","link":"https:\/\/puvogel-recht.de\/?page_id=92","title":{"rendered":"Notart\u00e4tigkeit"},"content":{"rendered":"<h1>Notart\u00e4tigkeit<\/h1>\n<h1><img loading=\"lazy\" decoding=\"async\" class=\"alignnone wp-image-104\" src=\"https:\/\/puvogel-recht.de\/wp-content\/uploads\/2014\/07\/linie.png\" alt=\"linie\" width=\"600\" height=\"1\" srcset=\"https:\/\/puvogel-recht.de\/wp-content\/uploads\/2014\/07\/linie.png 700w, https:\/\/puvogel-recht.de\/wp-content\/uploads\/2014\/07\/linie-150x1.png 150w, https:\/\/puvogel-recht.de\/wp-content\/uploads\/2014\/07\/linie-300x1.png 300w\" sizes=\"auto, (max-width: 600px) 100vw, 600px\" \/><\/h1>\n<p>Ein Schwerpunkt unserer Kanzlei ist die Notart\u00e4tigkeit. Wir beraten Sie gerne in allen Gebieten, die der notariellen Kompetenz bed\u00fcrfen und sind diesbez\u00fcglich gestaltend f\u00fcr Sie t\u00e4tig.<\/p>\n<p>Wichtige Bereiche sind vor allem die Beratung und Gestaltung von Grundst\u00fcckskaufvertr\u00e4gen, Bautr\u00e4gervereinbarungen und Hof\u00fcberlassungsvertr\u00e4gen. In familienrechtlichen Angelegenheiten unterst\u00fctzen wir Sie beispielsweise bei Ehevertr\u00e4gen und Scheidungsfolgenvereinbarungen sowie in erbrechtlichen Angelegenheiten z.B. bei Testamenten und Erbvertr\u00e4gen.<\/p>\n<p>Weiterhin werden wir f\u00fcr Sie bei handels- und gesellschaftsrechtlichen Vertr\u00e4gen und Umwandlungen, Kauf- und \u00dcberlassungsvertr\u00e4gen t\u00e4tig. Au\u00dferdem erstellen wir gemeinsam mit Ihnen Patientenverf\u00fcgungen und Vorsorgevollmachten.<\/p>\n<p><a title=\"Kontaktformular\" href=\"https:\/\/puvogel-recht.de\/?page_id=131\">Zur Kontaktseite<\/a><\/p>\n","protected":false},"excerpt":{"rendered":"<p>Notart\u00e4tigkeit Ein Schwerpunkt unserer Kanzlei ist die Notart\u00e4tigkeit. Wir beraten Sie gerne in allen Gebieten, die der notariellen Kompetenz bed\u00fcrfen und sind diesbez\u00fcglich gestaltend f\u00fcr Sie t\u00e4tig. Wichtige Bereiche sind vor allem die Beratung und Gestaltung von Grundst\u00fcckskaufvertr\u00e4gen, Bautr\u00e4gervereinbarungen und Hof\u00fcberlassungsvertr\u00e4gen. In familienrechtlichen Angelegenheiten unterst\u00fctzen wir Sie beispielsweise bei Ehevertr\u00e4gen und Scheidungsfolgenvereinbarungen sowie in erbrechtlichen&#8230;<\/p>\n","protected":false},"author":1,"featured_media":274,"parent":0,"menu_order":0,"comment_status":"closed","ping_status":"closed","template":"","meta":{"_kad_post_transparent":"","_kad_post_title":"","_kad_post_layout":"","_kad_post_sidebar_id":"","_kad_post_content_style":"","_kad_post_vertical_padding":"","_kad_post_feature":"","_kad_post_feature_position":"","_kad_post_header":false,"_kad_post_footer":false,"footnotes":""},"class_list":["post-92","page","type-page","status-publish","has-post-thumbnail","hentry"],"_links":{"self":[{"href":"https:\/\/puvogel-recht.de\/index.php?rest_route=\/wp\/v2\/pages\/92","targetHints":{"allow":["GET"]}}],"collection":[{"href":"https:\/\/puvogel-recht.de\/index.php?rest_route=\/wp\/v2\/pages"}],"about":[{"href":"https:\/\/puvogel-recht.de\/index.php?rest_route=\/wp\/v2\/types\/page"}],"author":[{"embeddable":true,"href":"https:\/\/puvogel-recht.de\/index.php?rest_route=\/wp\/v2\/users\/1"}],"replies":[{"embeddable":true,"href":"https:\/\/puvogel-recht.de\/index.php?rest_route=%2Fwp%2Fv2%2Fcomments&post=92"}],"version-history":[{"count":7,"href":"https:\/\/puvogel-recht.de\/index.php?rest_route=\/wp\/v2\/pages\/92\/revisions"}],"predecessor-version":[{"id":740,"href":"https:\/\/puvogel-recht.de\/index.php?rest_route=\/wp\/v2\/pages\/92\/revisions\/740"}],"wp:featuredmedia":[{"embeddable":true,"href":"https:\/\/puvogel-recht.de\/index.php?rest_route=\/wp\/v2\/media\/274"}],"wp:attachment":[{"href":"https:\/\/puvogel-recht.de\/index.php?rest_route=%2Fwp%2Fv2%2Fmedia&parent=92"}],"curies":[{"name":"wp","href":"https:\/\/api.w.org\/{rel}","templated":true}]}}