{"id":9,"date":"2014-07-01T08:14:00","date_gmt":"2014-07-01T06:14:00","guid":{"rendered":"http:\/\/puvogel-recht.de\/wpcm\/?page_id=9"},"modified":"2023-09-11T14:16:32","modified_gmt":"2023-09-11T12:16:32","slug":"kanzlei","status":"publish","type":"page","link":"https:\/\/puvogel-recht.de\/","title":{"rendered":"Kanzlei"},"content":{"rendered":"<h1>Ihr Anliegen ist unsere Profession<img loading=\"lazy\" decoding=\"async\" class=\"alignnone wp-image-104\" src=\"https:\/\/puvogel-recht.de\/wp-content\/uploads\/2014\/07\/linie.png\" alt=\"linie\" width=\"600\" height=\"1\" srcset=\"https:\/\/puvogel-recht.de\/wp-content\/uploads\/2014\/07\/linie.png 700w, https:\/\/puvogel-recht.de\/wp-content\/uploads\/2014\/07\/linie-150x1.png 150w, https:\/\/puvogel-recht.de\/wp-content\/uploads\/2014\/07\/linie-300x1.png 300w\" sizes=\"auto, (max-width: 600px) 100vw, 600px\" \/><\/h1>\n<p>Die Kanzlei Dr. Puvogel &amp; Partner wurde im Jahre 1946 von dem sp\u00e4teren nieders\u00e4chsischen Justizminister und langj\u00e4hrigen Landrat des Kreises Verden\/Aller, Rechtsanwalt und Notar Dr. Hans Puvogel, am heutigen Sitz in der Obernstra\u00dfe 49 in Achim gegr\u00fcndet.<\/p>\n<p>Dr. Hans Puvogel stammte aus einer alten Achimer Landwirtsfamilie, die schon seit dem 17. Jahrhundert in Achim ans\u00e4ssig ist. Aufgrund der engen Verbundenheit zu seiner Heimatstadt Achim stand es f\u00fcr Dr. Hans Puvogel fest, sich nach dem 2. Weltkrieg als Rechtsanwalt und Notar in Achim niederzulassen und die Kanzlei zu gr\u00fcnden.<\/p>\n<p>Im Jahre 1976 trat der Sohn des Kanzleigr\u00fcnders, der jetzige Senior-Partner Rechtsanwalt und Notar a. D. Bernd Puvogel in die Kanzlei ein und f\u00fchrte deren Geschicke stets erfolgreich fort.<\/p>\n<p>Seit 2008 bis zum heutigen Tage besteht die Kanzlei durch den Eintritt des Sohnes des jetzigen Senior-Partners Bernd Puvogel, Rechtsanwalt und Notar Thomas Puvogel, mittlerweile in der dritten Generation. Dies ist ein Zeichen f\u00fcr Kontinuit\u00e4t und langj\u00e4hrigen Erfolg bei der kompetenten und individuellen Beratung unserer Mandanten. Unsere Kanzlei wird nunmehr in der uns auszeichnenden Qualit\u00e4t von Rechtsanwalt und Notar Thomas Puvogel federf\u00fchrend fortgesetzt.<\/p>\n<p>Verst\u00e4rkt wird das Team von Rechtsanw\u00e4lten durch den Eintritt von Rechtsanwalt Florian L\u00fccke und Rechtsanw\u00e4ltin und Notarin Doortje Jeddeloh. Durch Herrn Rechtsanwalt L\u00fccke ist das Fachgebiet des Steuerrechts und durch Frau Rechtsanw\u00e4ltin und Notarin Jeddeloh das Fachgebiet des Familienrechts kompetent abgedeckt.<\/p>\n<p><img loading=\"lazy\" decoding=\"async\" class=\"size-full wp-image-554 aligncenter\" src=\"https:\/\/puvogel-recht.de\/wp-content\/uploads\/2017\/03\/gruppe450.jpg\" alt=\"\" width=\"450\" height=\"597\" srcset=\"https:\/\/puvogel-recht.de\/wp-content\/uploads\/2017\/03\/gruppe450.jpg 450w, https:\/\/puvogel-recht.de\/wp-content\/uploads\/2017\/03\/gruppe450-226x300.jpg 226w\" sizes=\"auto, (max-width: 450px) 100vw, 450px\" \/><\/p>\n","protected":false},"excerpt":{"rendered":"<p>Ihr Anliegen ist unsere Profession Die Kanzlei Dr. Puvogel &amp; Partner wurde im Jahre 1946 von dem sp\u00e4teren nieders\u00e4chsischen Justizminister und langj\u00e4hrigen Landrat des Kreises Verden\/Aller, Rechtsanwalt und Notar Dr. Hans Puvogel, am heutigen Sitz in der Obernstra\u00dfe 49 in Achim gegr\u00fcndet. Dr. Hans Puvogel stammte aus einer alten Achimer Landwirtsfamilie, die schon seit dem&#8230;<\/p>\n","protected":false},"author":1,"featured_media":276,"parent":0,"menu_order":0,"comment_status":"closed","ping_status":"closed","template":"","meta":{"_kad_post_transparent":"","_kad_post_title":"","_kad_post_layout":"","_kad_post_sidebar_id":"","_kad_post_content_style":"","_kad_post_vertical_padding":"","_kad_post_feature":"","_kad_post_feature_position":"","_kad_post_header":false,"_kad_post_footer":false,"footnotes":""},"class_list":["post-9","page","type-page","status-publish","has-post-thumbnail","hentry"],"_links":{"self":[{"href":"https:\/\/puvogel-recht.de\/index.php?rest_route=\/wp\/v2\/pages\/9","targetHints":{"allow":["GET"]}}],"collection":[{"href":"https:\/\/puvogel-recht.de\/index.php?rest_route=\/wp\/v2\/pages"}],"about":[{"href":"https:\/\/puvogel-recht.de\/index.php?rest_route=\/wp\/v2\/types\/page"}],"author":[{"embeddable":true,"href":"https:\/\/puvogel-recht.de\/index.php?rest_route=\/wp\/v2\/users\/1"}],"replies":[{"embeddable":true,"href":"https:\/\/puvogel-recht.de\/index.php?rest_route=%2Fwp%2Fv2%2Fcomments&post=9"}],"version-history":[{"count":31,"href":"https:\/\/puvogel-recht.de\/index.php?rest_route=\/wp\/v2\/pages\/9\/revisions"}],"predecessor-version":[{"id":739,"href":"https:\/\/puvogel-recht.de\/index.php?rest_route=\/wp\/v2\/pages\/9\/revisions\/739"}],"wp:featuredmedia":[{"embeddable":true,"href":"https:\/\/puvogel-recht.de\/index.php?rest_route=\/wp\/v2\/media\/276"}],"wp:attachment":[{"href":"https:\/\/puvogel-recht.de\/index.php?rest_route=%2Fwp%2Fv2%2Fmedia&parent=9"}],"curies":[{"name":"wp","href":"https:\/\/api.w.org\/{rel}","templated":true}]}}