{"id":72,"date":"2014-07-03T07:58:42","date_gmt":"2014-07-03T05:58:42","guid":{"rendered":"http:\/\/puvogel-recht.de\/wpcm\/?page_id=72"},"modified":"2023-09-11T14:48:19","modified_gmt":"2023-09-11T12:48:19","slug":"thomas-puvogel","status":"publish","type":"page","link":"https:\/\/puvogel-recht.de\/?page_id=72","title":{"rendered":"Thomas Puvogel"},"content":{"rendered":"\n<div class=\"wp-block-columns is-layout-flex wp-container-core-columns-is-layout-9d6595d7 wp-block-columns-is-layout-flex\">\n<div class=\"wp-block-column is-layout-flow wp-block-column-is-layout-flow\" style=\"flex-basis:33.33%\">\n<figure class=\"wp-block-image size-full\"><a href=\"https:\/\/puvogel-recht.de\/wp-content\/uploads\/2017\/03\/tp225-1.jpg\"><img loading=\"lazy\" decoding=\"async\" width=\"225\" height=\"337\" src=\"https:\/\/puvogel-recht.de\/wp-content\/uploads\/2017\/03\/tp225-1.jpg\" alt=\"\" class=\"wp-image-555\" srcset=\"https:\/\/puvogel-recht.de\/wp-content\/uploads\/2017\/03\/tp225-1.jpg 225w, https:\/\/puvogel-recht.de\/wp-content\/uploads\/2017\/03\/tp225-1-200x300.jpg 200w\" sizes=\"auto, (max-width: 225px) 100vw, 225px\" \/><\/a><\/figure>\n<\/div>\n\n\n\n<div class=\"wp-block-column is-layout-flow wp-block-column-is-layout-flow\" style=\"flex-basis:66.66%\">\n<h4 class=\"wp-block-heading\">Rechtsanwalt und Notar<\/h4>\n\n\n\n<p>Studium der Rechtswissenschaften an der Universit\u00e4t T\u00fcbingen und der Universit\u00e4t G\u00f6ttingen<\/p>\n\n\n\n<p>Studium der Forstwissenschaften an der Universit\u00e4t G\u00f6ttingen<\/p>\n\n\n\n<p>Referendariat in Bielefeld<\/p>\n\n\n\n<p>Seit 2008 Rechtsanwalt in Achim<\/p>\n\n\n\n<p>Fachanwalt f\u00fcr&nbsp;Erbrecht<br>Fachanwalt f\u00fcr Handels- und Gesellschaftsrecht<br>Fachanwalt f\u00fcr Arbeitsrecht<br>Mediator<\/p>\n\n\n\n<p>Seit 2013 Notar in Achim<\/p>\n\n\n\n<h6 class=\"wp-block-heading\">Rechtsgebiete im Schwerpunkt:<\/h6>\n\n\n\n<ul class=\"wp-block-list\"><li>Notariat<\/li><li>Erbrecht<\/li><li>Handels- und Gesellschaftsrecht<\/li><li>Arbeitsrecht<\/li><li>Immobilienrecht<\/li><\/ul>\n\n\n\n<h6 class=\"wp-block-heading\">Mitgliedschaften:<\/h6>\n\n\n\n<p>Deutscher Anwaltsverein<\/p>\n<\/div>\n<\/div>\n\n\n","protected":false},"excerpt":{"rendered":"<p>Rechtsanwalt und Notar Studium der Rechtswissenschaften an der Universit\u00e4t T\u00fcbingen und der Universit\u00e4t G\u00f6ttingen Studium der Forstwissenschaften an der Universit\u00e4t G\u00f6ttingen Referendariat in Bielefeld Seit 2008 Rechtsanwalt in Achim Fachanwalt f\u00fcr&nbsp;ErbrechtFachanwalt f\u00fcr Handels- und GesellschaftsrechtFachanwalt f\u00fcr ArbeitsrechtMediator Seit 2013 Notar in Achim Rechtsgebiete im Schwerpunkt: Notariat Erbrecht Handels- und Gesellschaftsrecht Arbeitsrecht Immobilienrecht Mitgliedschaften: Deutscher Anwaltsverein<\/p>\n","protected":false},"author":1,"featured_media":276,"parent":0,"menu_order":0,"comment_status":"closed","ping_status":"closed","template":"","meta":{"_kad_post_transparent":"","_kad_post_title":"","_kad_post_layout":"","_kad_post_sidebar_id":"","_kad_post_content_style":"","_kad_post_vertical_padding":"","_kad_post_feature":"","_kad_post_feature_position":"","_kad_post_header":false,"_kad_post_footer":false,"footnotes":""},"class_list":["post-72","page","type-page","status-publish","has-post-thumbnail","hentry"],"_links":{"self":[{"href":"https:\/\/puvogel-recht.de\/index.php?rest_route=\/wp\/v2\/pages\/72","targetHints":{"allow":["GET"]}}],"collection":[{"href":"https:\/\/puvogel-recht.de\/index.php?rest_route=\/wp\/v2\/pages"}],"about":[{"href":"https:\/\/puvogel-recht.de\/index.php?rest_route=\/wp\/v2\/types\/page"}],"author":[{"embeddable":true,"href":"https:\/\/puvogel-recht.de\/index.php?rest_route=\/wp\/v2\/users\/1"}],"replies":[{"embeddable":true,"href":"https:\/\/puvogel-recht.de\/index.php?rest_route=%2Fwp%2Fv2%2Fcomments&post=72"}],"version-history":[{"count":18,"href":"https:\/\/puvogel-recht.de\/index.php?rest_route=\/wp\/v2\/pages\/72\/revisions"}],"predecessor-version":[{"id":754,"href":"https:\/\/puvogel-recht.de\/index.php?rest_route=\/wp\/v2\/pages\/72\/revisions\/754"}],"wp:featuredmedia":[{"embeddable":true,"href":"https:\/\/puvogel-recht.de\/index.php?rest_route=\/wp\/v2\/media\/276"}],"wp:attachment":[{"href":"https:\/\/puvogel-recht.de\/index.php?rest_route=%2Fwp%2Fv2%2Fmedia&parent=72"}],"curies":[{"name":"wp","href":"https:\/\/api.w.org\/{rel}","templated":true}]}}