{"id":469,"date":"2015-08-06T09:52:38","date_gmt":"2015-08-06T07:52:38","guid":{"rendered":"http:\/\/puvogel-recht.de\/?page_id=469"},"modified":"2023-09-11T14:47:42","modified_gmt":"2023-09-11T12:47:42","slug":"doortje-jeddeloh","status":"publish","type":"page","link":"https:\/\/puvogel-recht.de\/?page_id=469","title":{"rendered":"Doortje Jeddeloh"},"content":{"rendered":"<h1>Doortje Jeddeloh<br \/><img loading=\"lazy\" decoding=\"async\" class=\"alignnone wp-image-104\" src=\"https:\/\/puvogel-recht.de\/wp-content\/uploads\/2014\/07\/linie.png\" alt=\"linie\" width=\"650\" height=\"1\" srcset=\"https:\/\/puvogel-recht.de\/wp-content\/uploads\/2014\/07\/linie.png 700w, https:\/\/puvogel-recht.de\/wp-content\/uploads\/2014\/07\/linie-150x1.png 150w, https:\/\/puvogel-recht.de\/wp-content\/uploads\/2014\/07\/linie-300x1.png 300w\" sizes=\"auto, (max-width: 650px) 100vw, 650px\" \/><\/h1>\n\n\n<div class=\"wp-block-columns is-layout-flex wp-container-core-columns-is-layout-9d6595d7 wp-block-columns-is-layout-flex\">\n<div class=\"wp-block-column is-layout-flow wp-block-column-is-layout-flow\" style=\"flex-basis:33.33%\">\n<figure class=\"wp-block-image size-full\"><a href=\"https:\/\/puvogel-recht.de\/wp-content\/uploads\/2017\/03\/dj320-1.jpg\"><img loading=\"lazy\" decoding=\"async\" width=\"225\" height=\"337\" src=\"https:\/\/puvogel-recht.de\/wp-content\/uploads\/2017\/03\/dj320-1.jpg\" alt=\"\" class=\"wp-image-552\" srcset=\"https:\/\/puvogel-recht.de\/wp-content\/uploads\/2017\/03\/dj320-1.jpg 225w, https:\/\/puvogel-recht.de\/wp-content\/uploads\/2017\/03\/dj320-1-200x300.jpg 200w\" sizes=\"auto, (max-width: 225px) 100vw, 225px\" \/><\/a><\/figure>\n<\/div>\n\n\n\n<div class=\"wp-block-column is-layout-flow wp-block-column-is-layout-flow\" style=\"flex-basis:66.66%\">\n<h4 class=\"wp-block-heading\">Rechtsanw\u00e4ltin und Notarin<\/h4>\n\n\n\n<p>Studium der Rechtswissenschaften an der Universit\u00e4t Bremen<\/p>\n\n\n\n<p>Referendariat am OLG Celle<\/p>\n\n\n\n<p>Seit 2008 als Rechtsanw\u00e4ltin zugelassen<br>Fachanw\u00e4ltin f\u00fcr Familienrecht<\/p>\n\n\n\n<p>Seit 2020 Notarin in Achim<\/p>\n\n\n\n<h6 class=\"wp-block-heading\">Rechtsgebiete im Schwerpunkt:<\/h6>\n\n\n\n<ul class=\"wp-block-list\"><li>Familienrecht<\/li><li>Erbrecht<\/li><\/ul>\n\n\n<\/div>\n<\/div>\n\n\n","protected":false},"excerpt":{"rendered":"<p>Doortje Jeddeloh Rechtsanw\u00e4ltin und Notarin Studium der Rechtswissenschaften an der Universit\u00e4t Bremen Referendariat am OLG Celle Seit 2008 als Rechtsanw\u00e4ltin zugelassenFachanw\u00e4ltin f\u00fcr Familienrecht Seit 2020 Notarin in Achim Rechtsgebiete im Schwerpunkt: Familienrecht Erbrecht<\/p>\n","protected":false},"author":1,"featured_media":276,"parent":0,"menu_order":0,"comment_status":"closed","ping_status":"closed","template":"","meta":{"_kad_post_transparent":"","_kad_post_title":"","_kad_post_layout":"","_kad_post_sidebar_id":"","_kad_post_content_style":"","_kad_post_vertical_padding":"","_kad_post_feature":"","_kad_post_feature_position":"","_kad_post_header":false,"_kad_post_footer":false,"footnotes":""},"class_list":["post-469","page","type-page","status-publish","has-post-thumbnail","hentry"],"_links":{"self":[{"href":"https:\/\/puvogel-recht.de\/index.php?rest_route=\/wp\/v2\/pages\/469","targetHints":{"allow":["GET"]}}],"collection":[{"href":"https:\/\/puvogel-recht.de\/index.php?rest_route=\/wp\/v2\/pages"}],"about":[{"href":"https:\/\/puvogel-recht.de\/index.php?rest_route=\/wp\/v2\/types\/page"}],"author":[{"embeddable":true,"href":"https:\/\/puvogel-recht.de\/index.php?rest_route=\/wp\/v2\/users\/1"}],"replies":[{"embeddable":true,"href":"https:\/\/puvogel-recht.de\/index.php?rest_route=%2Fwp%2Fv2%2Fcomments&post=469"}],"version-history":[{"count":14,"href":"https:\/\/puvogel-recht.de\/index.php?rest_route=\/wp\/v2\/pages\/469\/revisions"}],"predecessor-version":[{"id":753,"href":"https:\/\/puvogel-recht.de\/index.php?rest_route=\/wp\/v2\/pages\/469\/revisions\/753"}],"wp:featuredmedia":[{"embeddable":true,"href":"https:\/\/puvogel-recht.de\/index.php?rest_route=\/wp\/v2\/media\/276"}],"wp:attachment":[{"href":"https:\/\/puvogel-recht.de\/index.php?rest_route=%2Fwp%2Fv2%2Fmedia&parent=469"}],"curies":[{"name":"wp","href":"https:\/\/api.w.org\/{rel}","templated":true}]}}