{"id":192,"date":"2014-07-06T18:02:18","date_gmt":"2014-07-06T16:02:18","guid":{"rendered":"http:\/\/puvogel-recht.de\/wpcm\/?page_id=192"},"modified":"2023-09-11T15:32:54","modified_gmt":"2023-09-11T13:32:54","slug":"kooperation","status":"publish","type":"page","link":"https:\/\/puvogel-recht.de\/?page_id=192","title":{"rendered":"Kooperation"},"content":{"rendered":"<h1>Kooperationen<br \/><img loading=\"lazy\" decoding=\"async\" class=\"alignnone wp-image-104\" src=\"https:\/\/puvogel-recht.de\/wp-content\/uploads\/2014\/07\/linie.png\" alt=\"linie\" width=\"650\" height=\"1\" srcset=\"https:\/\/puvogel-recht.de\/wp-content\/uploads\/2014\/07\/linie.png 700w, https:\/\/puvogel-recht.de\/wp-content\/uploads\/2014\/07\/linie-150x1.png 150w, https:\/\/puvogel-recht.de\/wp-content\/uploads\/2014\/07\/linie-300x1.png 300w\" sizes=\"auto, (max-width: 650px) 100vw, 650px\" \/><\/h1>\n<h4><strong>Rechtsanwalt <\/strong><strong>L\u00fcder G\u00f6ttsche<\/strong><\/h4>\n<h6><strong>Fachanwalt f\u00fcr Strafrecht<br \/><\/strong><strong>Betreuer<\/strong><\/h6>\n<p>in B\u00fcrogemeinschaft mit Dr. Puvogel &amp; Partner PartGmbB<\/p>\n<p>Obernstra\u00dfe 49<br \/>28832 Achim<br \/>Tel.: 0 42 02 \/ 51 18 -21<\/p>\n<p><a href=\"mailto:lg@rechtsanwalt-goettsche.de\">lg@rechtsanwalt-goettsche.de<\/a><br \/><a href=\"http:\/\/www.rechtsanwalt-goettsche.de\" target=\"_blank\" rel=\"noopener\">www.rechtsanwalt-goettsche.de<\/a><\/p>\n<p><a href=\"https:\/\/puvogel-recht.de\/wp-content\/uploads\/2014\/07\/linie1.png\"><img loading=\"lazy\" decoding=\"async\" class=\"alignnone size-full wp-image-296\" src=\"https:\/\/puvogel-recht.de\/wp-content\/uploads\/2014\/07\/linie1.png\" alt=\"linie\" width=\"600\" height=\"1\" srcset=\"https:\/\/puvogel-recht.de\/wp-content\/uploads\/2014\/07\/linie1.png 600w, https:\/\/puvogel-recht.de\/wp-content\/uploads\/2014\/07\/linie1-150x1.png 150w, https:\/\/puvogel-recht.de\/wp-content\/uploads\/2014\/07\/linie1-300x1.png 300w\" sizes=\"auto, (max-width: 600px) 100vw, 600px\" \/><\/a><\/p>\n<h4><strong>R\u00f6mermann Insolvenzverwalter Rechtsanwaltsgesellschaft mbH<\/strong><\/h4>\n<p>Obernstra\u00dfe 49<br \/>28832 Achim<br \/>Tel.: 0 42 02 \/ 51 18 -17<strong><br \/><\/strong><\/p>\n\n","protected":false},"excerpt":{"rendered":"<p>Kooperationen Rechtsanwalt L\u00fcder G\u00f6ttsche Fachanwalt f\u00fcr StrafrechtBetreuer in B\u00fcrogemeinschaft mit Dr. Puvogel &amp; Partner PartGmbB Obernstra\u00dfe 4928832 AchimTel.: 0 42 02 \/ 51 18 -21 lg@rechtsanwalt-goettsche.dewww.rechtsanwalt-goettsche.de R\u00f6mermann Insolvenzverwalter Rechtsanwaltsgesellschaft mbH Obernstra\u00dfe 4928832 AchimTel.: 0 42 02 \/ 51 18 -17<\/p>\n","protected":false},"author":1,"featured_media":341,"parent":0,"menu_order":0,"comment_status":"closed","ping_status":"closed","template":"","meta":{"_kad_post_transparent":"","_kad_post_title":"","_kad_post_layout":"","_kad_post_sidebar_id":"","_kad_post_content_style":"","_kad_post_vertical_padding":"","_kad_post_feature":"","_kad_post_feature_position":"","_kad_post_header":false,"_kad_post_footer":false,"footnotes":""},"class_list":["post-192","page","type-page","status-publish","has-post-thumbnail","hentry"],"_links":{"self":[{"href":"https:\/\/puvogel-recht.de\/index.php?rest_route=\/wp\/v2\/pages\/192","targetHints":{"allow":["GET"]}}],"collection":[{"href":"https:\/\/puvogel-recht.de\/index.php?rest_route=\/wp\/v2\/pages"}],"about":[{"href":"https:\/\/puvogel-recht.de\/index.php?rest_route=\/wp\/v2\/types\/page"}],"author":[{"embeddable":true,"href":"https:\/\/puvogel-recht.de\/index.php?rest_route=\/wp\/v2\/users\/1"}],"replies":[{"embeddable":true,"href":"https:\/\/puvogel-recht.de\/index.php?rest_route=%2Fwp%2Fv2%2Fcomments&post=192"}],"version-history":[{"count":18,"href":"https:\/\/puvogel-recht.de\/index.php?rest_route=\/wp\/v2\/pages\/192\/revisions"}],"predecessor-version":[{"id":783,"href":"https:\/\/puvogel-recht.de\/index.php?rest_route=\/wp\/v2\/pages\/192\/revisions\/783"}],"wp:featuredmedia":[{"embeddable":true,"href":"https:\/\/puvogel-recht.de\/index.php?rest_route=\/wp\/v2\/media\/341"}],"wp:attachment":[{"href":"https:\/\/puvogel-recht.de\/index.php?rest_route=%2Fwp%2Fv2%2Fmedia&parent=192"}],"curies":[{"name":"wp","href":"https:\/\/api.w.org\/{rel}","templated":true}]}}