{"id":178,"date":"2014-07-06T17:58:31","date_gmt":"2014-07-06T15:58:31","guid":{"rendered":"http:\/\/puvogel-recht.de\/wpcm\/?page_id=178"},"modified":"2026-02-02T17:41:33","modified_gmt":"2026-02-02T15:41:33","slug":"zivilrecht","status":"publish","type":"page","link":"https:\/\/puvogel-recht.de\/?page_id=178","title":{"rendered":"Zivilrecht"},"content":{"rendered":"<h1>Zivilrecht<\/h1>\n<h1><img loading=\"lazy\" decoding=\"async\" class=\"alignnone size-full wp-image-296\" src=\"https:\/\/puvogel-recht.de\/wp-content\/uploads\/2014\/07\/linie1.png\" alt=\"linie\" width=\"600\" height=\"1\" srcset=\"https:\/\/puvogel-recht.de\/wp-content\/uploads\/2014\/07\/linie1.png 600w, https:\/\/puvogel-recht.de\/wp-content\/uploads\/2014\/07\/linie1-150x1.png 150w, https:\/\/puvogel-recht.de\/wp-content\/uploads\/2014\/07\/linie1-300x1.png 300w\" sizes=\"auto, (max-width: 600px) 100vw, 600px\" \/><\/h1>\n<p>Im allgemeinen Zivilrecht steht Ihnen die Kanzlei neben den bereits gesondert aufgef\u00fchrten Bereichen beratend oder Ihre Anspr\u00fcche au\u00dfergerichtlich und gerichtlich wahrend zur Seite. Beispielhaft aufzuf\u00fchren sind Rechtsstreitigkeiten aus Vertr\u00e4gen wie Kauf-, Tausch-, Schenkungs-, Leih-, Darlehens-, Dienst-, Werk-, Werklieferungs- und Maklervertr\u00e4gen.<\/p>\n","protected":false},"excerpt":{"rendered":"<p>Zivilrecht Im allgemeinen Zivilrecht steht Ihnen die Kanzlei neben den bereits gesondert aufgef\u00fchrten Bereichen beratend oder Ihre Anspr\u00fcche au\u00dfergerichtlich und gerichtlich wahrend zur Seite. Beispielhaft aufzuf\u00fchren sind Rechtsstreitigkeiten aus Vertr\u00e4gen wie Kauf-, Tausch-, Schenkungs-, Leih-, Darlehens-, Dienst-, Werk-, Werklieferungs- und Maklervertr\u00e4gen.<\/p>\n","protected":false},"author":1,"featured_media":279,"parent":0,"menu_order":0,"comment_status":"closed","ping_status":"closed","template":"","meta":{"_kad_post_transparent":"","_kad_post_title":"","_kad_post_layout":"","_kad_post_sidebar_id":"","_kad_post_content_style":"","_kad_post_vertical_padding":"","_kad_post_feature":"","_kad_post_feature_position":"","_kad_post_header":false,"_kad_post_footer":false,"footnotes":""},"class_list":["post-178","page","type-page","status-publish","has-post-thumbnail","hentry"],"_links":{"self":[{"href":"https:\/\/puvogel-recht.de\/index.php?rest_route=\/wp\/v2\/pages\/178","targetHints":{"allow":["GET"]}}],"collection":[{"href":"https:\/\/puvogel-recht.de\/index.php?rest_route=\/wp\/v2\/pages"}],"about":[{"href":"https:\/\/puvogel-recht.de\/index.php?rest_route=\/wp\/v2\/types\/page"}],"author":[{"embeddable":true,"href":"https:\/\/puvogel-recht.de\/index.php?rest_route=\/wp\/v2\/users\/1"}],"replies":[{"embeddable":true,"href":"https:\/\/puvogel-recht.de\/index.php?rest_route=%2Fwp%2Fv2%2Fcomments&post=178"}],"version-history":[{"count":5,"href":"https:\/\/puvogel-recht.de\/index.php?rest_route=\/wp\/v2\/pages\/178\/revisions"}],"predecessor-version":[{"id":816,"href":"https:\/\/puvogel-recht.de\/index.php?rest_route=\/wp\/v2\/pages\/178\/revisions\/816"}],"wp:featuredmedia":[{"embeddable":true,"href":"https:\/\/puvogel-recht.de\/index.php?rest_route=\/wp\/v2\/media\/279"}],"wp:attachment":[{"href":"https:\/\/puvogel-recht.de\/index.php?rest_route=%2Fwp%2Fv2%2Fmedia&parent=178"}],"curies":[{"name":"wp","href":"https:\/\/api.w.org\/{rel}","templated":true}]}}