{"id":160,"date":"2014-07-06T17:40:51","date_gmt":"2014-07-06T15:40:51","guid":{"rendered":"http:\/\/puvogel-recht.de\/wpcm\/?page_id=160"},"modified":"2023-09-11T14:55:59","modified_gmt":"2023-09-11T12:55:59","slug":"handelsrecht","status":"publish","type":"page","link":"https:\/\/puvogel-recht.de\/?page_id=160","title":{"rendered":"Handelsrecht"},"content":{"rendered":"<h1>Handelsrecht<\/h1>\n<p><img loading=\"lazy\" decoding=\"async\" class=\"alignnone size-full wp-image-296\" src=\"https:\/\/puvogel-recht.de\/wp-content\/uploads\/2014\/07\/linie1.png\" alt=\"linie\" width=\"600\" height=\"1\" srcset=\"https:\/\/puvogel-recht.de\/wp-content\/uploads\/2014\/07\/linie1.png 600w, https:\/\/puvogel-recht.de\/wp-content\/uploads\/2014\/07\/linie1-150x1.png 150w, https:\/\/puvogel-recht.de\/wp-content\/uploads\/2014\/07\/linie1-300x1.png 300w\" sizes=\"auto, (max-width: 600px) 100vw, 600px\" \/><\/p>\n<p>Das Handelsrecht geh\u00f6rt zum Privatrecht und wird auch als Sonderrecht der Kaufleute bezeichnet, weil es im Wesentlichen Sondervorschriften f\u00fcr Kaufleute beinhaltet. Geregelt ist das Handelsrecht insbesondere im Handelsgesetzbuch (HGB). Dort wo das HGB keine Spezialregelungen trifft, greifen grunds\u00e4tzlich die allgemeinen Vorschriften des B\u00fcrgerlichen Gesetzbuches (BGB).<\/p>\n<p>Das Handelsrecht kennt als eine Besonderheit neben den gesetzlichen Bestimmungen auch die sogenannten Handelsbr\u00e4uche und das Handelsgewohnheitsrecht. Ein Handelsbrauch entsteht durch die zahlreichen Gewohnheiten und Gebr\u00e4uche unter Kaufleuten. Er ist zwar keine Rechtsnorm und auch kein Gewohnheitsrecht, allerdings k\u00f6nnen sich aus Handelsbr\u00e4uchen Regeln ergeben, die in der kaufm\u00e4nnischen Praxis befolgt werden und auf die die Rechtsprechung R\u00fccksicht nehmen muss. Typischerweise entstehen Handelsbr\u00e4uche f\u00fcr bestimmte Gesch\u00e4ftszweige und Branchen und gelten nur unter Kaufleuten, nicht gegen\u00fcber Nichtkaufleuten.<\/p>\n<p>Das Handelsrecht und das HGB haben die beschleunigte Gesch\u00e4ftsabwicklung zum Ziel. Im Verh\u00e4ltnis zu Verbrauchern wird daher den gesch\u00e4ftsgewandten Kaufleuten eine geringere Schutzbed\u00fcrftigkeit zuteil (z.B. unverz\u00fcgliche Untersuchung von M\u00e4ngelr\u00fcgen beim Handelskauf oder geringere Formvorschriften). Auf der anderen Seite forciert das HGB einen gesteigerten Schutz des Rechtsverkehrs (Publizit\u00e4tsschutz des Handelsregisters, erweiterter Gutglaubensschutz).<\/p>\n<p>Auch zum Handelsrecht geh\u00f6rt das Recht der Handelsvertreter. Der Handelsvertreter ist nach dem deutschen Handelsrecht ein selbst\u00e4ndiger Gewerbetreibender, der st\u00e4ndig damit betraut ist, f\u00fcr einen anderen Unternehmer Gesch\u00e4fte zu vermitteln oder in dessen Namen abzuschlie\u00dfen. Anders als der Gro\u00df-, Einzelh\u00e4ndler oder Handelsmakler ist der Handelsvertreter auf vertraglicher Basis in das Absatz- und Vertriebssystem eines Unternehmens integriert.<\/p>\n<p>Unsere Kanzlei ber\u00e4t Sie in allen Fragen rund um das Handelsrecht. Hierzu geh\u00f6ren u.a.:<\/p>\n<ul>\n<li>Handelsrecht und Wirtschaftsrecht<\/li>\n<li>Vertriebsrecht, Vertriebsvertr\u00e4ge<\/li>\n<li>Handelsvertreter &#8211; Rechte und Pflichten<\/li>\n<\/ul>\n","protected":false},"excerpt":{"rendered":"<p>Handelsrecht Das Handelsrecht geh\u00f6rt zum Privatrecht und wird auch als Sonderrecht der Kaufleute bezeichnet, weil es im Wesentlichen Sondervorschriften f\u00fcr Kaufleute beinhaltet. Geregelt ist das Handelsrecht insbesondere im Handelsgesetzbuch (HGB). Dort wo das HGB keine Spezialregelungen trifft, greifen grunds\u00e4tzlich die allgemeinen Vorschriften des B\u00fcrgerlichen Gesetzbuches (BGB). Das Handelsrecht kennt als eine Besonderheit neben den gesetzlichen&#8230;<\/p>\n","protected":false},"author":1,"featured_media":279,"parent":0,"menu_order":0,"comment_status":"closed","ping_status":"closed","template":"","meta":{"_kad_post_transparent":"","_kad_post_title":"","_kad_post_layout":"","_kad_post_sidebar_id":"","_kad_post_content_style":"","_kad_post_vertical_padding":"","_kad_post_feature":"","_kad_post_feature_position":"","_kad_post_header":false,"_kad_post_footer":false,"footnotes":""},"class_list":["post-160","page","type-page","status-publish","has-post-thumbnail","hentry"],"_links":{"self":[{"href":"https:\/\/puvogel-recht.de\/index.php?rest_route=\/wp\/v2\/pages\/160","targetHints":{"allow":["GET"]}}],"collection":[{"href":"https:\/\/puvogel-recht.de\/index.php?rest_route=\/wp\/v2\/pages"}],"about":[{"href":"https:\/\/puvogel-recht.de\/index.php?rest_route=\/wp\/v2\/types\/page"}],"author":[{"embeddable":true,"href":"https:\/\/puvogel-recht.de\/index.php?rest_route=\/wp\/v2\/users\/1"}],"replies":[{"embeddable":true,"href":"https:\/\/puvogel-recht.de\/index.php?rest_route=%2Fwp%2Fv2%2Fcomments&post=160"}],"version-history":[{"count":4,"href":"https:\/\/puvogel-recht.de\/index.php?rest_route=\/wp\/v2\/pages\/160\/revisions"}],"predecessor-version":[{"id":685,"href":"https:\/\/puvogel-recht.de\/index.php?rest_route=\/wp\/v2\/pages\/160\/revisions\/685"}],"wp:featuredmedia":[{"embeddable":true,"href":"https:\/\/puvogel-recht.de\/index.php?rest_route=\/wp\/v2\/media\/279"}],"wp:attachment":[{"href":"https:\/\/puvogel-recht.de\/index.php?rest_route=%2Fwp%2Fv2%2Fmedia&parent=160"}],"curies":[{"name":"wp","href":"https:\/\/api.w.org\/{rel}","templated":true}]}}