{"id":158,"date":"2014-07-06T17:40:25","date_gmt":"2014-07-06T15:40:25","guid":{"rendered":"http:\/\/puvogel-recht.de\/wpcm\/?page_id=158"},"modified":"2023-09-11T14:55:41","modified_gmt":"2023-09-11T12:55:41","slug":"gesellschaftsrecht","status":"publish","type":"page","link":"https:\/\/puvogel-recht.de\/?page_id=158","title":{"rendered":"Gesellschaftsrecht"},"content":{"rendered":"<h1>Gesellschaftsrecht<\/h1>\n<p><img loading=\"lazy\" decoding=\"async\" class=\"alignnone size-full wp-image-296\" src=\"https:\/\/puvogel-recht.de\/wp-content\/uploads\/2014\/07\/linie1.png\" alt=\"linie\" width=\"600\" height=\"1\" srcset=\"https:\/\/puvogel-recht.de\/wp-content\/uploads\/2014\/07\/linie1.png 600w, https:\/\/puvogel-recht.de\/wp-content\/uploads\/2014\/07\/linie1-150x1.png 150w, https:\/\/puvogel-recht.de\/wp-content\/uploads\/2014\/07\/linie1-300x1.png 300w\" sizes=\"auto, (max-width: 600px) 100vw, 600px\" \/><\/p>\n<p>Unsere Kanzlei begleitet Sie in allen Phasen Ihrer unternehmerischen T\u00e4tigkeit. Wir beraten Sie kompetent und zuverl\u00e4ssig bei Ihren Entscheidungen als Unternehmer oder Gesellschafter. Die Gr\u00fcndung eines Unternehmens, die Wahl der geeigneten Rechtsform, Erwerb, Umwandlung, Auseinandersetzung zwischen Gesellschaftern, Ver\u00e4u\u00dferung, Liquidation oder die Gestaltung der Unternehmensnachfolge beinhalten rechtliche Fragestellungen, f\u00fcr deren qualifizierte Beantwortung wir zu Ihrer Verf\u00fcgung stehen.<\/p>\n","protected":false},"excerpt":{"rendered":"<p>Gesellschaftsrecht Unsere Kanzlei begleitet Sie in allen Phasen Ihrer unternehmerischen T\u00e4tigkeit. Wir beraten Sie kompetent und zuverl\u00e4ssig bei Ihren Entscheidungen als Unternehmer oder Gesellschafter. Die Gr\u00fcndung eines Unternehmens, die Wahl der geeigneten Rechtsform, Erwerb, Umwandlung, Auseinandersetzung zwischen Gesellschaftern, Ver\u00e4u\u00dferung, Liquidation oder die Gestaltung der Unternehmensnachfolge beinhalten rechtliche Fragestellungen, f\u00fcr deren qualifizierte Beantwortung wir zu Ihrer&#8230;<\/p>\n","protected":false},"author":1,"featured_media":279,"parent":0,"menu_order":0,"comment_status":"closed","ping_status":"closed","template":"","meta":{"_kad_post_transparent":"","_kad_post_title":"","_kad_post_layout":"","_kad_post_sidebar_id":"","_kad_post_content_style":"","_kad_post_vertical_padding":"","_kad_post_feature":"","_kad_post_feature_position":"","_kad_post_header":false,"_kad_post_footer":false,"footnotes":""},"class_list":["post-158","page","type-page","status-publish","has-post-thumbnail","hentry"],"_links":{"self":[{"href":"https:\/\/puvogel-recht.de\/index.php?rest_route=\/wp\/v2\/pages\/158","targetHints":{"allow":["GET"]}}],"collection":[{"href":"https:\/\/puvogel-recht.de\/index.php?rest_route=\/wp\/v2\/pages"}],"about":[{"href":"https:\/\/puvogel-recht.de\/index.php?rest_route=\/wp\/v2\/types\/page"}],"author":[{"embeddable":true,"href":"https:\/\/puvogel-recht.de\/index.php?rest_route=\/wp\/v2\/users\/1"}],"replies":[{"embeddable":true,"href":"https:\/\/puvogel-recht.de\/index.php?rest_route=%2Fwp%2Fv2%2Fcomments&post=158"}],"version-history":[{"count":4,"href":"https:\/\/puvogel-recht.de\/index.php?rest_route=\/wp\/v2\/pages\/158\/revisions"}],"predecessor-version":[{"id":760,"href":"https:\/\/puvogel-recht.de\/index.php?rest_route=\/wp\/v2\/pages\/158\/revisions\/760"}],"wp:featuredmedia":[{"embeddable":true,"href":"https:\/\/puvogel-recht.de\/index.php?rest_route=\/wp\/v2\/media\/279"}],"wp:attachment":[{"href":"https:\/\/puvogel-recht.de\/index.php?rest_route=%2Fwp%2Fv2%2Fmedia&parent=158"}],"curies":[{"name":"wp","href":"https:\/\/api.w.org\/{rel}","templated":true}]}}