{"id":156,"date":"2014-07-06T17:39:55","date_gmt":"2014-07-06T15:39:55","guid":{"rendered":"http:\/\/puvogel-recht.de\/wpcm\/?page_id=156"},"modified":"2023-09-11T14:55:20","modified_gmt":"2023-09-11T12:55:20","slug":"familienrecht","status":"publish","type":"page","link":"https:\/\/puvogel-recht.de\/?page_id=156","title":{"rendered":"Familienrecht"},"content":{"rendered":"<h1>Familienrecht<\/h1>\n<p><img loading=\"lazy\" decoding=\"async\" class=\"alignnone wp-image-296 size-full\" src=\"https:\/\/puvogel-recht.de\/wp-content\/uploads\/2014\/07\/linie1.png\" alt=\"linie\" width=\"600\" height=\"1\" srcset=\"https:\/\/puvogel-recht.de\/wp-content\/uploads\/2014\/07\/linie1.png 600w, https:\/\/puvogel-recht.de\/wp-content\/uploads\/2014\/07\/linie1-150x1.png 150w, https:\/\/puvogel-recht.de\/wp-content\/uploads\/2014\/07\/linie1-300x1.png 300w\" sizes=\"auto, (max-width: 600px) 100vw, 600px\" \/><\/p>\n<p>Wir bieten Ihnen eine umfassende und kompetente Beratung im Bereich des Familienrechts und der angrenzenden Rechtsgebiete. Dazu geh\u00f6ren insbesondere:<\/p>\n<ul>\n<li>das Eherecht,<\/li>\n<li>Recht der Beziehungen zwischen ehelichen und nichtehelichen Kindern zu ihren Eltern,<\/li>\n<li>Recht der nichtehelichen Lebensgemeinschaften,<\/li>\n<li>Unterhaltsrecht<\/li>\n<\/ul>\n<p>Au\u00dferdem beraten wir Sie schwerpunktm\u00e4\u00dfig bei der Gestaltung von Ehevertr\u00e4gen und unterst\u00fctzen Sie neben dem Ehescheidungsverfahren selbstverst\u00e4ndlich auch in streitigen Auseinandersetzungen vor den Familiengerichten, so z.B. in\u00a0Zugewinnausgleichsverfahren und Versorgungsausgleichsverfahren.<\/p>\n<h4><\/h4>\n","protected":false},"excerpt":{"rendered":"<p>Familienrecht Wir bieten Ihnen eine umfassende und kompetente Beratung im Bereich des Familienrechts und der angrenzenden Rechtsgebiete. Dazu geh\u00f6ren insbesondere: das Eherecht, Recht der Beziehungen zwischen ehelichen und nichtehelichen Kindern zu ihren Eltern, Recht der nichtehelichen Lebensgemeinschaften, Unterhaltsrecht Au\u00dferdem beraten wir Sie schwerpunktm\u00e4\u00dfig bei der Gestaltung von Ehevertr\u00e4gen und unterst\u00fctzen Sie neben dem Ehescheidungsverfahren selbstverst\u00e4ndlich&#8230;<\/p>\n","protected":false},"author":1,"featured_media":279,"parent":0,"menu_order":0,"comment_status":"closed","ping_status":"closed","template":"","meta":{"_kad_post_transparent":"","_kad_post_title":"","_kad_post_layout":"","_kad_post_sidebar_id":"","_kad_post_content_style":"","_kad_post_vertical_padding":"","_kad_post_feature":"","_kad_post_feature_position":"","_kad_post_header":false,"_kad_post_footer":false,"footnotes":""},"class_list":["post-156","page","type-page","status-publish","has-post-thumbnail","hentry"],"_links":{"self":[{"href":"https:\/\/puvogel-recht.de\/index.php?rest_route=\/wp\/v2\/pages\/156","targetHints":{"allow":["GET"]}}],"collection":[{"href":"https:\/\/puvogel-recht.de\/index.php?rest_route=\/wp\/v2\/pages"}],"about":[{"href":"https:\/\/puvogel-recht.de\/index.php?rest_route=\/wp\/v2\/types\/page"}],"author":[{"embeddable":true,"href":"https:\/\/puvogel-recht.de\/index.php?rest_route=\/wp\/v2\/users\/1"}],"replies":[{"embeddable":true,"href":"https:\/\/puvogel-recht.de\/index.php?rest_route=%2Fwp%2Fv2%2Fcomments&post=156"}],"version-history":[{"count":9,"href":"https:\/\/puvogel-recht.de\/index.php?rest_route=\/wp\/v2\/pages\/156\/revisions"}],"predecessor-version":[{"id":759,"href":"https:\/\/puvogel-recht.de\/index.php?rest_route=\/wp\/v2\/pages\/156\/revisions\/759"}],"wp:featuredmedia":[{"embeddable":true,"href":"https:\/\/puvogel-recht.de\/index.php?rest_route=\/wp\/v2\/media\/279"}],"wp:attachment":[{"href":"https:\/\/puvogel-recht.de\/index.php?rest_route=%2Fwp%2Fv2%2Fmedia&parent=156"}],"curies":[{"name":"wp","href":"https:\/\/api.w.org\/{rel}","templated":true}]}}