{"id":148,"date":"2014-07-06T17:37:41","date_gmt":"2014-07-06T15:37:41","guid":{"rendered":"http:\/\/puvogel-recht.de\/wpcm\/?page_id=148"},"modified":"2023-09-11T14:54:12","modified_gmt":"2023-09-11T12:54:12","slug":"arbeitsrecht","status":"publish","type":"page","link":"https:\/\/puvogel-recht.de\/?page_id=148","title":{"rendered":"Arbeitsrecht"},"content":{"rendered":"<h1>Arbeitsrecht<\/h1>\n<p><img loading=\"lazy\" decoding=\"async\" class=\"alignnone wp-image-104\" src=\"https:\/\/puvogel-recht.de\/wp-content\/uploads\/2014\/07\/linie.png\" alt=\"linie\" width=\"600\" height=\"1\" srcset=\"https:\/\/puvogel-recht.de\/wp-content\/uploads\/2014\/07\/linie.png 700w, https:\/\/puvogel-recht.de\/wp-content\/uploads\/2014\/07\/linie-150x1.png 150w, https:\/\/puvogel-recht.de\/wp-content\/uploads\/2014\/07\/linie-300x1.png 300w\" sizes=\"auto, (max-width: 600px) 100vw, 600px\" \/><\/p>\n<p>Unsere Kanzlei steht Ihnen in s\u00e4mtlichen Bereichen des Arbeitsrechts zur Seite. Wir gestalten Ihren Arbeitsvertrag, \u00fcberpr\u00fcfen bestehende Arbeitsvertr\u00e4ge und setzen Anspr\u00fcche aus Ihrem Arbeitsverh\u00e4ltnis durch. Au\u00dferdem befassen wir uns im au\u00dfergerichtlichen Bereich mit der Zusammenarbeit zwischen Betriebsrat und Gesch\u00e4ftsleitung und sind, sofern erforderlich, auch bei der gerichtlichen Durchsetzung von Anspr\u00fcchen aus dem Betriebsverfassungsgesetz und Personalvertretungsgesetzen t\u00e4tig. Kernbereiche unserer T\u00e4tigkeit sind:<\/p>\n<ul>\n<li>Vertretung in arbeitsgerichtlichen Auseinandersetzungen, beispielsweise \u00fcber Entgeltzahlung, K\u00fcndigungsschutz, Urlaubsgew\u00e4hrung und Zeugniserteilung\/-berichtigung<\/li>\n<li>au\u00dfergerichtliche Beratung und Streitschlichtung auf dem gesamten Gebiet des Arbeitsrechts<\/li>\n<li>Arbeitsvertragsgestaltung und -\u00fcberpr\u00fcfung<\/li>\n<li>Beratung und Vertretung bei Abwicklung von Betriebs\u00fcberg\u00e4ngen<\/li>\n<\/ul>\n","protected":false},"excerpt":{"rendered":"<p>Arbeitsrecht Unsere Kanzlei steht Ihnen in s\u00e4mtlichen Bereichen des Arbeitsrechts zur Seite. Wir gestalten Ihren Arbeitsvertrag, \u00fcberpr\u00fcfen bestehende Arbeitsvertr\u00e4ge und setzen Anspr\u00fcche aus Ihrem Arbeitsverh\u00e4ltnis durch. Au\u00dferdem befassen wir uns im au\u00dfergerichtlichen Bereich mit der Zusammenarbeit zwischen Betriebsrat und Gesch\u00e4ftsleitung und sind, sofern erforderlich, auch bei der gerichtlichen Durchsetzung von Anspr\u00fcchen aus dem Betriebsverfassungsgesetz und&#8230;<\/p>\n","protected":false},"author":1,"featured_media":279,"parent":0,"menu_order":0,"comment_status":"closed","ping_status":"closed","template":"","meta":{"_kad_post_transparent":"","_kad_post_title":"","_kad_post_layout":"","_kad_post_sidebar_id":"","_kad_post_content_style":"","_kad_post_vertical_padding":"","_kad_post_feature":"","_kad_post_feature_position":"","_kad_post_header":false,"_kad_post_footer":false,"footnotes":""},"class_list":["post-148","page","type-page","status-publish","has-post-thumbnail","hentry"],"_links":{"self":[{"href":"https:\/\/puvogel-recht.de\/index.php?rest_route=\/wp\/v2\/pages\/148","targetHints":{"allow":["GET"]}}],"collection":[{"href":"https:\/\/puvogel-recht.de\/index.php?rest_route=\/wp\/v2\/pages"}],"about":[{"href":"https:\/\/puvogel-recht.de\/index.php?rest_route=\/wp\/v2\/types\/page"}],"author":[{"embeddable":true,"href":"https:\/\/puvogel-recht.de\/index.php?rest_route=\/wp\/v2\/users\/1"}],"replies":[{"embeddable":true,"href":"https:\/\/puvogel-recht.de\/index.php?rest_route=%2Fwp%2Fv2%2Fcomments&post=148"}],"version-history":[{"count":4,"href":"https:\/\/puvogel-recht.de\/index.php?rest_route=\/wp\/v2\/pages\/148\/revisions"}],"predecessor-version":[{"id":346,"href":"https:\/\/puvogel-recht.de\/index.php?rest_route=\/wp\/v2\/pages\/148\/revisions\/346"}],"wp:featuredmedia":[{"embeddable":true,"href":"https:\/\/puvogel-recht.de\/index.php?rest_route=\/wp\/v2\/media\/279"}],"wp:attachment":[{"href":"https:\/\/puvogel-recht.de\/index.php?rest_route=%2Fwp%2Fv2%2Fmedia&parent=148"}],"curies":[{"name":"wp","href":"https:\/\/api.w.org\/{rel}","templated":true}]}}