{"id":100,"date":"2014-07-03T10:27:53","date_gmt":"2014-07-03T08:27:53","guid":{"rendered":"http:\/\/puvogel-recht.de\/wpcm\/?page_id=100"},"modified":"2024-11-08T14:49:02","modified_gmt":"2024-11-08T12:49:02","slug":"kontakt","status":"publish","type":"page","link":"https:\/\/puvogel-recht.de\/?page_id=100","title":{"rendered":"Kontakt"},"content":{"rendered":"<h1>Kontakt<\/h1>\n<p><img loading=\"lazy\" decoding=\"async\" class=\"alignnone size-full wp-image-296\" src=\"https:\/\/puvogel-recht.de\/wp-content\/uploads\/2014\/07\/linie1.png\" alt=\"linie\" width=\"600\" height=\"1\" srcset=\"https:\/\/puvogel-recht.de\/wp-content\/uploads\/2014\/07\/linie1.png 600w, https:\/\/puvogel-recht.de\/wp-content\/uploads\/2014\/07\/linie1-150x1.png 150w, https:\/\/puvogel-recht.de\/wp-content\/uploads\/2014\/07\/linie1-300x1.png 300w\" sizes=\"auto, (max-width: 600px) 100vw, 600px\" \/><\/p>\n\n\n<div class=\"wp-block-columns is-layout-flex wp-container-core-columns-is-layout-9d6595d7 wp-block-columns-is-layout-flex\">\n<div class=\"wp-block-column is-layout-flow wp-block-column-is-layout-flow\">\n<h5 class=\"wp-block-heading\">Dr. Puvogel &amp; Partner PartGmbB<\/h5>\n\n\n\n<p>Obernstra\u00dfe 49<br>28832 Achim<\/p>\n\n\n\n<p>Tel.: 0 42 02 \/ 5 11 8-0<br>Fax : 0 42 02 \/ 5 11 8-11<\/p>\n\n\n\n<p><a href=\"mailto:info@puvogel-recht.de\">info@puvogel-recht.de<\/a><\/p>\n<\/div>\n\n\n\n<div class=\"wp-block-column is-layout-flow wp-block-column-is-layout-flow\">\n<h5 class=\"wp-block-heading\">\u00d6ffnungszeiten<\/h5>\n\n\n\n<p><br><strong>Montag, Dienstag und Donnerstag<br><\/strong>08:30 bis 18:00 Uhr <br><br><strong>Mittwoch<\/strong><br>08:30 bis 17:00 Uhr <br><br><strong>Freitag<br><\/strong>08:30 bis 16:00 Uhr<br><br><strong>t\u00e4glich: Mittagspause<\/strong><br>12:30 bis 14:30 Uhr <br><br><strong>Ausnahmen<\/strong><br>Mittwochs ab 12:30 Uhr sind wir w\u00e4hrend <br>der Kanzlei\u00f6ffnungszeit telefonisch <br><strong>nicht <\/strong>erreichbar. In dringenden F\u00e4llen sprechen<br>Sie bitte auf den Anrufbeantworter oder <br>schreiben Sie uns eine E-Mail, damit wir <br>schnellstm\u00f6glich auf Ihr Anliegen <br>zur\u00fcckkommen k\u00f6nnen.<br><br>Aufgrund personeller Engp\u00e4sse kann es <br>vorkommen, dass in Ausnahmef\u00e4llen<br>unsere Kanzlei\u00f6ffnungs- und Telefonzeiten<br>kurzfristig abweichend angepasst werden <br>m\u00fcssen. Hierf\u00fcr bitten wir um Ihr Verst\u00e4ndnis.  <br><\/p>\n\n\n\n<p><br><br><\/p>\n<\/div>\n<\/div>\n\n\n","protected":false},"excerpt":{"rendered":"<p>Kontakt Dr. Puvogel &amp; Partner PartGmbB Obernstra\u00dfe 4928832 Achim Tel.: 0 42 02 \/ 5 11 8-0Fax : 0 42 02 \/ 5 11 8-11 info@puvogel-recht.de \u00d6ffnungszeiten Montag, Dienstag und Donnerstag08:30 bis 18:00 Uhr Mittwoch08:30 bis 17:00 Uhr Freitag08:30 bis 16:00 Uhr t\u00e4glich: Mittagspause12:30 bis 14:30 Uhr AusnahmenMittwochs ab 12:30 Uhr sind wir w\u00e4hrend der&#8230;<\/p>\n","protected":false},"author":1,"featured_media":273,"parent":0,"menu_order":0,"comment_status":"closed","ping_status":"closed","template":"","meta":{"_kad_post_transparent":"","_kad_post_title":"","_kad_post_layout":"","_kad_post_sidebar_id":"","_kad_post_content_style":"","_kad_post_vertical_padding":"","_kad_post_feature":"","_kad_post_feature_position":"","_kad_post_header":false,"_kad_post_footer":false,"footnotes":""},"class_list":["post-100","page","type-page","status-publish","has-post-thumbnail","hentry"],"_links":{"self":[{"href":"https:\/\/puvogel-recht.de\/index.php?rest_route=\/wp\/v2\/pages\/100","targetHints":{"allow":["GET"]}}],"collection":[{"href":"https:\/\/puvogel-recht.de\/index.php?rest_route=\/wp\/v2\/pages"}],"about":[{"href":"https:\/\/puvogel-recht.de\/index.php?rest_route=\/wp\/v2\/types\/page"}],"author":[{"embeddable":true,"href":"https:\/\/puvogel-recht.de\/index.php?rest_route=\/wp\/v2\/users\/1"}],"replies":[{"embeddable":true,"href":"https:\/\/puvogel-recht.de\/index.php?rest_route=%2Fwp%2Fv2%2Fcomments&post=100"}],"version-history":[{"count":13,"href":"https:\/\/puvogel-recht.de\/index.php?rest_route=\/wp\/v2\/pages\/100\/revisions"}],"predecessor-version":[{"id":811,"href":"https:\/\/puvogel-recht.de\/index.php?rest_route=\/wp\/v2\/pages\/100\/revisions\/811"}],"wp:featuredmedia":[{"embeddable":true,"href":"https:\/\/puvogel-recht.de\/index.php?rest_route=\/wp\/v2\/media\/273"}],"wp:attachment":[{"href":"https:\/\/puvogel-recht.de\/index.php?rest_route=%2Fwp%2Fv2%2Fmedia&parent=100"}],"curies":[{"name":"wp","href":"https:\/\/api.w.org\/{rel}","templated":true}]}}